{"id":240,"date":"2026-01-08T13:51:41","date_gmt":"2026-01-08T18:51:41","guid":{"rendered":"https:\/\/tempwp.cloud68.co\/?page_id=240"},"modified":"2026-03-10T22:40:31","modified_gmt":"2026-03-11T02:40:31","slug":"logistics-safety-info","status":"publish","type":"page","link":"https:\/\/tempwp.cloud68.co\/es\/logistics-safety-info\/","title":{"rendered":"Informaci\u00f3n sobre log\u00edstica y seguridad"},"content":{"rendered":"<div data-elementor-type=\"wp-page\" data-elementor-id=\"240\" class=\"elementor elementor-240\" data-elementor-post-type=\"page\">\n\t\t\t\t<div class=\"elementor-element elementor-element-614db510 e-flex e-con-boxed e-con e-parent\" data-id=\"614db510\" data-element_type=\"container\" data-e-type=\"container\" data-settings=\"{&quot;background_background&quot;:&quot;classic&quot;}\">\n\t\t\t\t\t<div class=\"e-con-inner\">\n\t\t\t\t<div class=\"elementor-element elementor-element-32d1a3d3 elementor-widget elementor-widget-heading\" data-id=\"32d1a3d3\" data-element_type=\"widget\" data-e-type=\"widget\" data-widget_type=\"heading.default\">\n\t\t\t\t\t<h2 class=\"elementor-heading-title elementor-size-default\">Informaci\u00f3n sobre log\u00edstica y seguridad<\/h2>\t\t\t\t<\/div>\n\t\t\t\t\t<\/div>\n\t\t\t\t<\/div>\n\t\t<div class=\"elementor-element elementor-element-3b0e7e4b e-flex e-con-boxed e-con e-parent\" data-id=\"3b0e7e4b\" data-element_type=\"container\" data-e-type=\"container\" data-settings=\"{&quot;background_background&quot;:&quot;classic&quot;}\">\n\t\t\t\t\t<div class=\"e-con-inner\">\n\t\t\t\t\t<\/div>\n\t\t\t\t<\/div>\n\t\t<div class=\"elementor-element elementor-element-32cec84 e-flex e-con-boxed e-con e-parent\" data-id=\"32cec84\" data-element_type=\"container\" data-e-type=\"container\">\n\t\t\t\t\t<div class=\"e-con-inner\">\n\t\t<div class=\"elementor-element elementor-element-4d279550 e-con-full e-flex e-con e-child\" data-id=\"4d279550\" data-element_type=\"container\" data-e-type=\"container\">\n\t\t\t\t<div class=\"elementor-element elementor-element-1733c050 elementor-widget elementor-widget-heading\" data-id=\"1733c050\" data-element_type=\"widget\" data-e-type=\"widget\" data-widget_type=\"heading.default\">\n\t\t\t\t\t<h2 class=\"elementor-heading-title elementor-size-default\">Estamos encantados de que nos acompa\u00f1e en este acontecimiento.<\/h2>\t\t\t\t<\/div>\n\t\t\t\t<div class=\"elementor-element elementor-element-4278e575 elementor-widget elementor-widget-text-editor\" data-id=\"4278e575\" data-element_type=\"widget\" data-e-type=\"widget\" data-widget_type=\"text-editor.default\">\n\t\t\t\t\t\t\t\t\t<p>Este documento es su gu\u00eda para obtener informaci\u00f3n clave sobre log\u00edstica y seguridad en relaci\u00f3n con el acontecimiento. Ponga su canci\u00f3n favorita y l\u00e9ala.<\/p><h3>Preparaci\u00f3n del viaje<\/h3><h4>Nuestro hogar lejos de casa<\/h4><p>Nos alojaremos en el HOTEL para el evento. La direcci\u00f3n es DIRECCI\u00d3N.<\/p><p><strong>Por favor, tenga en cuenta que intentamos mantener en privado los detalles de esta reuni\u00f3n.<\/strong><\/p><h4>Volamos alto<\/h4><p>En Travel Group contamos con un equipo estelar que est\u00e1 a su disposici\u00f3n para ayudarle si tiene alg\u00fan problema con sus vuelos. Si necesita ayuda o tiene alguna duda antes del evento, p\u00f3ngase en contacto con nosotros.<\/p><p>Hemos contratado un seguro de viaje para usted. Tenga una copia a mano por si se lo piden en inmigraci\u00f3n.<\/p><p>Usted es responsable de organizar y pagar el viaje desde su domicilio hasta el aeropuerto, y de llegar al aeropuerto a tiempo para su vuelo y cualquier conexi\u00f3n.<\/p><h4>Por el camino<\/h4><p>Con antelaci\u00f3n a su viaje, tome las siguientes medidas para garantizar un viaje tranquilo y mitigar cualquier problema en la frontera:<\/p><ul><li>IMPRIMA su itinerario de vuelo y el billete de vuelta<\/li><li>IMPRIMA la carta de invitaci\u00f3n<\/li><li>IMPRIMA su justificante de seguro de viaje<\/li><li>DATOS SEGUROS o roaming para el tiempo que dure tu viaje. Es la mejor manera de estar seguro e informar a los dem\u00e1s si tiene problemas en la frontera (el wifi de los aeropuertos no es fiable). Si no tienes datos m\u00f3viles internacionales, te recomendamos que compres una eSIM<\/li><\/ul><p>Le recomendamos adquirir el $10 USD para 15 d\u00edas, que podr\u00e1 activar el d\u00eda de su viaje. Este $10 se a\u00f1adir\u00e1 a sus dietas para cubrir este gasto. Si no tiene acceso a una eSIM, env\u00ede un mensaje al servicio de mensajer\u00eda que puede ayudarle a encontrar una soluci\u00f3n. Enlace a un sitio web de e-sim: <a href=\"https:\/\/www.airalo.com\/\">https:\/\/www.airalo.com<\/a><\/p><p>Algunos de ustedes tendr\u00e1n que hacer escala durante la noche en su viaje hacia y\/o desde el evento. <strong>Compruebe detenidamente su itinerario para ver si hay escalas.<\/strong>, y sus destinos. Se le organizar\u00e1 el alojamiento si tiene un\u00a0<strong>escala nocturna<\/strong>\u00a0y se le comunicar\u00e1 por separado. Usted es responsable del viaje de ida y vuelta al hotel, y de la llegada al aeropuerto. Tambi\u00e9n es responsable de llegar a tiempo al aeropuerto para su conexi\u00f3n. Hemos a\u00f1adido a su dieta para este prop\u00f3sito.<\/p><h3>Control aeroportuario<\/h3><p>En la mayor\u00eda de los aeropuertos se pide a los pasajeros que pasen por un proceso de control. Si es necesario un cacheo, el agente cotejar\u00e1 el sexo de lo que figure en su documento de identidad expedido por el gobierno. Si utiliza alguna prenda de sujeci\u00f3n o pr\u00f3tesis, solicite un control privado y, si es posible, traiga a un amigo. Tiene derecho a hablar con un supervisor en cualquier momento del control.<\/p><h4>Viajar con agujas<\/h4><p>Conozca las normas para viajar con agujas. Es posible que los funcionarios de inmigraci\u00f3n le paren y le pregunten al azar durante los controles de equipaje. Si piensas viajar con agujas, jeringuillas u hormonas, procura llevar una nota de tu m\u00e9dico explicando por qu\u00e9 las necesitas. En algunos lugares, debes tener una prueba de que te las han recetado. Guarda las pastillas en un lugar seguro y seco y nunca congeles los viales de hormonas.<\/p><h4>Uso o transporte de pr\u00f3tesis<\/h4><p>Si viaja con una pr\u00f3tesis en el equipaje de mano, puede solicitar un control privado o explicar de qu\u00e9 se trata. Si es usted un trans masculino que hace la maleta con regularidad, aseg\u00farese de que su pieza de equipaje no contenga partes met\u00e1licas. Adem\u00e1s, tenga en cuenta que un pecho muy ce\u00f1ido puede suscitar preocupaci\u00f3n porque puede parecer que el pasajero esconde algo debajo de la envoltura.<\/p><h4>Elige ropa c\u00f3moda<\/h4><p>La ropa con piezas met\u00e1licas probablemente har\u00e1 saltar los detectores de metales y puede crear m\u00e1s problemas. As\u00ed que, si puedes, te recomendamos que evites las carpetas, los cors\u00e9s, los sujetadores y las joyas con piezas met\u00e1licas mientras viajas.<\/p><h3>Barajar para el transbordador<\/h3><p>Para los que lleguen en avi\u00f3n, hemos organizado traslados de ida y vuelta al hotel. A su llegada, busque el cartel \u201cEVENTO\u201d. El representante llevar\u00e1 los nombres de todos los participantes y facilitar\u00e1 su traslado al hotel. La empresa de traslados utilizar\u00e1 el cartel \u2019EVENT\u201c. El aeropuerto internacional de Tiflis es peque\u00f1o y despu\u00e9s de recoger el equipaje encontrar\u00e1 f\u00e1cilmente a los conductores en la sala de salidas. Si hay alg\u00fan problema o retraso, puede ponerse en contacto con , que coordina los traslados: INFORMACI\u00d3N DE CONTACTO<\/p><p>Informaci\u00f3n de contacto de los conductores:<\/p><ul><li>NOMBRE APELLIDOS (funci\u00f3n en este evento) - +999 555 511 288<\/li><li>NOMBRE APELLIDOS (funci\u00f3n en este evento) - +999 555 511 288<\/li><li>NOMBRE APELLIDOS (funci\u00f3n en este evento) - +999 555 511 288<\/li><\/ul><h3>Informe meteorol\u00f3gico<\/h3><p>Esperamos un aire fresco con una temperatura media de entre -5 y 15 grados en la CIUDAD. En caso de que se produzca un sistema meteorol\u00f3gico que nos afecte, seguiremos los protocolos est\u00e1ndar para garantizar su seguridad.<\/p><p>Lleve ropa de abrigo, chaquetas, gorros y guantes. Le recomendamos que tambi\u00e9n lleve un chubasquero por si llueve.<\/p><h3>Qu\u00e9 esperar del acto<\/h3><h4>Comunicaci\u00f3n<\/h4><p>Para facilitar una comunicaci\u00f3n eficaz durante la reuni\u00f3n, hemos creado un grupo Signal para los participantes. Para unirse al grupo, haga clic en este enlace. Al unirse, le rogamos que se presente en su idioma preferido, indicando su nombre, pronombres, pa\u00eds y el nombre de su grupo afiliado. Esto ayudar\u00e1 a fomentar un entorno acogedor e integrador para todos los participantes.<\/p><h4>Comidas<\/h4><p>Estamos encantados de ofrecer una cena de bienvenida el lun. 26 de febrero para todos los participantes. Tambi\u00e9n nos hemos encargado de cubrir los buf\u00e9s de desayuno, comida y cena durante el taller, incluidas dos pausas para el t\u00e9. Cualquier tentempi\u00e9 o bebida adicional fuera de estos horarios no estar\u00e1 cubierto, a menos que ya est\u00e9 incluido en la oferta general para hu\u00e9spedes del hotel. Tenga en cuenta que los organizadores no cubren las bebidas alcoh\u00f3licas.<\/p><h4>Dietas<\/h4><p>Le proporcionaremos dietas a su llegada al registrarse para cubrir los gastos imprevistos relacionados con la asistencia a la reuni\u00f3n (como el eSIM, el viaje de ida y vuelta al aeropuerto de su ciudad, aperitivos) y como muestra de agradecimiento por su tiempo y energ\u00eda. Recibir\u00e1 sus dietas cuando llegue al evento, y firmar\u00e1 el recibo.<\/p><h4>Seguridad<\/h4><p>Nuestro objetivo es crear una atm\u00f3sfera segura que se centre en su bienestar y cree un entorno que le permita estar presente y enraizado en el espacio. Estamos trabajando con el personal del hotel para garantizar que el evento sea lo m\u00e1s seguro y c\u00f3modo posible. Te animamos a que sigas los protocolos de seguridad habituales en lo que respecta a tus objetos personales y a ti mismo, y a que seas consciente de que no seremos los \u00fanicos hu\u00e9spedes del hotel. Los organizadores no se responsabilizar\u00e1n de ninguna p\u00e9rdida o da\u00f1o que pueda sufrir cualquier propiedad. Agradeceremos cualquier duda, comentario o pregunta que tenga al respecto.<\/p><p>Tambi\u00e9n pedimos a los participantes que, por favor, viajen en grupo al salir del hotel, especialmente por la noche.<\/p><h4>\u00bfSe est\u00e1 volviendo viral?<\/h4><p>Esperamos generar tanta energ\u00eda en el espacio virtual como en el f\u00edsico y animamos a que se comparta de forma consciente en las redes sociales a lo largo del evento, salvaguardando al mismo tiempo la reuni\u00f3n y a los asistentes. Se ruega a los participantes que dispongan de dispositivos de v\u00eddeo y c\u00e1maras personales que respeten la privacidad de los dem\u00e1s participantes y pidan su consentimiento antes de tomar fotograf\u00edas o v\u00eddeos.<\/p><p><strong>Sin consentimiento<\/strong>: Ofreceremos pegatinas para que las personas puedan indicar que no consienten ser fotografiadas o filmadas.<\/p><h4>Documentaci\u00f3n<\/h4><p>Documentaremos partes del taller con v\u00eddeo y fotograf\u00eda. Si no desea ser documentado, respetaremos su petici\u00f3n. Utilizaremos el v\u00eddeo y la fotograf\u00eda para documentar nuestro aprendizaje a lo largo del proyecto y para compartirlo con los participantes despu\u00e9s del evento.<\/p><h4>Bienestar<\/h4><p>Estamos creando espacios espec\u00edficos para tu descanso y curaci\u00f3n. Proporcionaremos algunos materiales de arte y artesan\u00eda, almohadas y otros art\u00edculos para crear el espacio de bienestar para ti. Para que la sala de bienestar sea a\u00fan m\u00e1s acogedora, te invitamos y pedimos que traigas tus diarios, mantas, telas, tejidos, cristales y cualquier otro objeto personal para el altar para co-crear este espacio contigo. Tambi\u00e9n tendremos algunos sanadores y terapeutas disponibles para apoyo individual.<\/p><h4>V\u00edstete para estar c\u00f3modo<\/h4><p>Su comodidad es una prioridad. No hay c\u00f3digo de vestimenta, por lo que te animamos a que lleves lo que te resulte m\u00e1s c\u00f3modo y estimulante, teniendo en cuenta las actividades y los servicios.<\/p><h4>Actividades nocturnas<\/h4><p>Durante el taller, esperamos tener algunas actividades nocturnas divertidas, incluida una cena de bienvenida el lunes por la noche y una cena de despedida y un espect\u00e1culo de dragsters el jueves por la noche.<\/p><p>El 28 de febrero organizaremos una cena de despedida y el 29 de febrero est\u00e1is todos invitados a un espect\u00e1culo drag, en 2 espacios distintos del barrio queer que ser\u00e1n cubiertos por los organizadores. Se ofrecer\u00e1 una bebida gratis a los participantes en el club durante el espect\u00e1culo drag (se entregar\u00e1n cupones).<\/p><h4>Accesibilidad<\/h4><p>El lugar de la conferencia dispone de rampas y ascensores que facilitan el acceso a servicios como las habitaciones, la sala de conferencias, los comedores y las zonas comunes. Las habitaciones est\u00e1n adaptadas para personas con discapacidad y el lugar de la conferencia nos ha asegurado que tomar\u00e1 las medidas necesarias para garantizar su comodidad. Tambi\u00e9n habr\u00e1 salas de curaci\u00f3n y bienestar a las que cualquier persona podr\u00e1 acceder durante el evento en caso de que necesite un momento de tranquilidad.<\/p><h4>COVID y precauciones en caso de enfermedad<\/h4><p>Si no se encuentra bien, le rogamos que se cuide, descanse y se ponga en contacto con uno de los organizadores para que le atiendan. Tambi\u00e9n podemos ofrecer pruebas de COVID. Si una persona da positivo en las pruebas de COVID, deber\u00e1 avisar al Equipo de Coordinaci\u00f3n a trav\u00e9s de los representantes de Contacto de Emergencia que figuran a continuaci\u00f3n y comenzar el aislamiento en su habitaci\u00f3n. Se les asignar\u00e1 una persona del Punto de Atenci\u00f3n que comprobar\u00e1 c\u00f3mo se encuentran cada d\u00eda y se asegurar\u00e1 de que tienen comida, medicamentos u otras cosas para garantizar que est\u00e1n c\u00f3modos y pueden recuperarse.<\/p><h4>M\u00e9dico<\/h4><p>Los participantes con problemas de salud deben asegurarse de llevar consigo toda la medicaci\u00f3n necesaria durante el viaje. Aconsejamos a todos los participantes que lleven consigo los contactos del Equipo de Coordinaci\u00f3n (que figuran al final de esta p\u00e1gina) en caso de emergencia. Adem\u00e1s, para cualquier petici\u00f3n especial relacionada con su salud y bienestar durante la conferencia, no dude en ponerse en contacto con nosotros.<\/p><p>El hospital m\u00e1s cercano es el Hospital Universitario, que est\u00e1 a 200 m del hotel, la direcci\u00f3n del hospital es DIRECCI\u00d3N. En caso de emergencia en el LUGAR: es necesario llamar al 112, donde se combinan todos los servicios de emergencia que cualquier persona pueda necesitar: m\u00e9dico, de emergencia, polic\u00eda, etc.<\/p><h2>Explorar Tiflis<\/h2><h3>Museo Nacional de Georgia<\/h3><p>Direcci\u00f3n: Avenida Shota Rustaveli 3, Tiflis 0105<br \/>Horas de trabajo : De martes a domingo 10 AM \/ 5:30 PM<br \/>Lunes - cerrado<br \/>Tel\u00e9fono : 032 299 71 76<br \/>Precio: 3-15 Gel Goergian<\/p><h3>Ba\u00f1os de azufre<\/h3><p>Direcci\u00f3n: Calle Abano<br \/>Horario de trabajo : Todos los d\u00edas de 8h a 12h<br \/>Tel: 032 293 00 93<br \/>Hay diferentes tipos de ba\u00f1o, p\u00fablico y privado.<br \/>Precio: de 10 a 100 lari georgianos.<\/p><p>Cerca de los Ba\u00f1os de Azufre se encuentra el casco antiguo de Tiflis, un lugar precioso para pasear y ver todos los edificios antiguos y lugares hist\u00f3ricos de la ciudad. Tambi\u00e9n est\u00e1 Narikala, una antigua fortaleza que domina Tiflis, la capital de Georgia, y el r\u00edo Mtkvari. La fortaleza consta de dos secciones amuralladas en una empinada colina entre los ba\u00f1os de azufre y los jardines bot\u00e1nicos de Tiflis.<\/p><p>Todos los lugares mencionados (ba\u00f1os de azufre, Narikala, casco antiguo y Jard\u00edn Bot\u00e1nico) est\u00e1n cerca unos de otros, s\u00f3lo hay que pagar entrada en el Jard\u00edn Bot\u00e1nico, el coste para los estudiantes es de 1 Gel y para los dem\u00e1s - 4 Gel.<\/p>\t\t\t\t\t\t\t\t<\/div>\n\t\t\t\t<\/div>\n\t\t<div class=\"elementor-element elementor-element-33dcdcd3 e-con-full e-flex e-con e-child\" data-id=\"33dcdcd3\" data-element_type=\"container\" data-e-type=\"container\" data-settings=\"{&quot;background_background&quot;:&quot;classic&quot;}\">\n\t\t\t\t<div class=\"elementor-element elementor-element-6630c0f elementor-widget elementor-widget-heading\" data-id=\"6630c0f\" data-element_type=\"widget\" data-e-type=\"widget\" data-widget_type=\"heading.default\">\n\t\t\t\t\t<h3 class=\"elementor-heading-title elementor-size-default\">Organizaci\u00f3n Contactos<\/h3>\t\t\t\t<\/div>\n\t\t\t\t<div class=\"elementor-element elementor-element-da4a078 elementor-widget elementor-widget-text-editor\" data-id=\"da4a078\" data-element_type=\"widget\" data-e-type=\"widget\" data-widget_type=\"text-editor.default\">\n\t\t\t\t\t\t\t\t\t<p><strong>Nombre Apellido, Cargo<\/strong><br \/>Nombre de la organizaci\u00f3n<br \/>Correo electr\u00f3nico: name@email.org<br \/>Se\u00f1al, WhatsApp: +999 555 333 444<\/p><p><strong>Nombre Apellido, Cargo<\/strong><br \/>Nombre de la organizaci\u00f3n<br \/>Correo electr\u00f3nico: name@email.org<br \/>Se\u00f1al, WhatsApp: +999 555 333 444<\/p>\t\t\t\t\t\t\t\t<\/div>\n\t\t\t\t<div class=\"elementor-element elementor-element-867cfbb elementor-widget elementor-widget-heading\" data-id=\"867cfbb\" data-element_type=\"widget\" data-e-type=\"widget\" data-widget_type=\"heading.default\">\n\t\t\t\t\t<h3 class=\"elementor-heading-title elementor-size-default\">Contactos locales<\/h3>\t\t\t\t<\/div>\n\t\t\t\t<div class=\"elementor-element elementor-element-dbee17d elementor-widget elementor-widget-text-editor\" data-id=\"dbee17d\" data-element_type=\"widget\" data-e-type=\"widget\" data-widget_type=\"text-editor.default\">\n\t\t\t\t\t\t\t\t\t<p><strong>Nombre Apellido, Cargo<\/strong><br \/>Nombre de la organizaci\u00f3n<br \/>Correo electr\u00f3nico: name@email.org<br \/>Se\u00f1al, WhatsApp: +999 555 333 444<\/p><p><strong>Nombre Apellido, Cargo<\/strong><br \/>Nombre de la organizaci\u00f3n<br \/>Correo electr\u00f3nico: name@email.org<br \/>Se\u00f1al, WhatsApp: +999 555 333 444<\/p><h3>Contactos locales<\/h3><p><strong>Nombre Apellido, Cargo<\/strong><br \/>Nombre de la organizaci\u00f3n<br \/>Correo electr\u00f3nico: name@email.org<br \/>Se\u00f1al, WhatsApp: +999 555 333 444<\/p><p><strong>Nombre Apellido, Cargo<\/strong><br \/>Nombre de la organizaci\u00f3n<br \/>Correo electr\u00f3nico: name@email.org<br \/>Se\u00f1al, WhatsApp: +999 555 333 444<\/p><p><strong>Nombre Apellido, Cargo<\/strong><br \/>Nombre de la organizaci\u00f3n<br \/>Correo electr\u00f3nico: name@email.org<br \/>Se\u00f1al, WhatsApp: +999 555 333 444<\/p>\t\t\t\t\t\t\t\t<\/div>\n\t\t\t\t<\/div>\n\t\t\t\t\t<\/div>\n\t\t\t\t<\/div>\n\t\t\t\t<\/div>","protected":false},"excerpt":{"rendered":"<p>Logistics &amp; Safety Info We are thrilled you\u2019ll be joining us for this event! This document is your go-to guide for key logistical and safety information related to the event. Put on your favorite song and have a read through. Preparing for Travel Our Home Away from Home We will be staying at the HOTEL [&hellip;]<\/p>\n","protected":false},"author":4,"featured_media":0,"parent":0,"menu_order":0,"comment_status":"closed","ping_status":"closed","template":"","meta":{"_acf_changed":false,"footnotes":""},"class_list":["post-240","page","type-page","status-publish","hentry"],"acf":[],"_links":{"self":[{"href":"https:\/\/tempwp.cloud68.co\/es\/wp-json\/wp\/v2\/pages\/240","targetHints":{"allow":["GET"]}}],"collection":[{"href":"https:\/\/tempwp.cloud68.co\/es\/wp-json\/wp\/v2\/pages"}],"about":[{"href":"https:\/\/tempwp.cloud68.co\/es\/wp-json\/wp\/v2\/types\/page"}],"author":[{"embeddable":true,"href":"https:\/\/tempwp.cloud68.co\/es\/wp-json\/wp\/v2\/users\/4"}],"replies":[{"embeddable":true,"href":"https:\/\/tempwp.cloud68.co\/es\/wp-json\/wp\/v2\/comments?post=240"}],"version-history":[{"count":3,"href":"https:\/\/tempwp.cloud68.co\/es\/wp-json\/wp\/v2\/pages\/240\/revisions"}],"predecessor-version":[{"id":359,"href":"https:\/\/tempwp.cloud68.co\/es\/wp-json\/wp\/v2\/pages\/240\/revisions\/359"}],"wp:attachment":[{"href":"https:\/\/tempwp.cloud68.co\/es\/wp-json\/wp\/v2\/media?parent=240"}],"curies":[{"name":"wp","href":"https:\/\/api.w.org\/{rel}","templated":true}]}}